{"id":230,"date":"2019-03-06T12:19:03","date_gmt":"2019-03-06T12:19:03","guid":{"rendered":"https:\/\/colibriwp-work.colibriwp.com\/business-ii\/?page_id=230"},"modified":"2019-03-06T12:19:03","modified_gmt":"2019-03-06T12:19:03","slug":"about","status":"publish","type":"page","link":"https:\/\/www.blanche.re\/?page_id=230","title":{"rendered":"Le Groupe BLANCHEntreprise"},"content":{"rendered":"<div align=\"left\">Entreprise cr\u00e9\u00e9e en 1957, Blanche-Birger n\u2019a cess\u00e9 de s\u2019\u00e9panouir au fur et \u00e0 mesure des ann\u00e9es, sans faire de vague mais en maintenant le cap. Le cap de la rigueur permet aujourd\u2019hui \u00e0 Blanche-Birger d\u2019\u00eatre leader sur son march\u00e9. S\u00e9rieux, professionnalisme mais aussi innovation permanente, autant d\u2019atouts qui ont forg\u00e9 la personnalit\u00e9 de la marque et ont contribu\u00e9 \u00e0 sa r\u00e9putation. Blanche-Birger, un partenaire de r\u00e9f\u00e9rence.<\/div>\n<div><\/div>\n<div><\/div>\n<div><\/div>\n<div align=\"left\"><img class=\"alignnone\" src=\"https:\/\/www.blanchebirger.re\/crbst_import75.jpg?v=1u60rc6phmvv9gc\" \/><\/div>\n<div align=\"left\">Pr\u00e9curseur par tradition, Blanche-Birger a souvent \u00e9t\u00e9 le premier importateur de mat\u00e9riels d\u2019\u00e9quipement qui ont chang\u00e9 nos habitudes\u00a0 : Nacco, dictaphones, machines comptables, caisses enregistreuses, duplicateurs, destructeurs<\/div>\n<div align=\"left\">de documents, distributeurs de billets\u2026<\/div>\n<div align=\"left\"><\/div>\n<div align=\"left\"><\/div>\n<div align=\"left\"><\/div>\n<div align=\"left\"><img class=\"alignnone\" src=\"https:\/\/www.blanchebirger.re\/crbst_import76.jpg?v=2rpiq05ztcgiqlj\" \/><\/div>\n<div align=\"left\">C\u2019est donc tout naturellement que Blanche- Birger a acquis ses comp\u00e9tences dans les domaines de l\u2019agencement de bureau, de la bureautique, de l\u2019informatique, mais aussi de la mon\u00e9tique et de la climatisation. Aujourd\u2019hui, gr\u00e2ce \u00e0 son statut de multi-sp\u00e9cialiste, Blanche-Birger et ses enseignes satellites sont en mesure de fournir \u00e0 la fois un service global et un conseil personnalis\u00e9 aux entreprises. Exp\u00e9rience, excellence, exigence, on ne devient pas expert en \u00e9quipement d\u2019entreprise par hasard.<\/div>\n","protected":false},"excerpt":{"rendered":"<p>Entreprise cr\u00e9\u00e9e en 1957, Blanche-Birger n\u2019a cess\u00e9 de s\u2019\u00e9panouir au fur et \u00e0 mesure des ann\u00e9es, sans faire de vague mais en maintenant le cap. Le cap de la rigueur permet aujourd\u2019hui \u00e0 Blanche-Birger d\u2019\u00eatre leader sur son march\u00e9. S\u00e9rieux, professionnalisme mais aussi innovation permanente, autant d\u2019atouts qui ont forg\u00e9 la personnalit\u00e9 de la marque&hellip; <br \/> <a class=\"read-more\" href=\"https:\/\/www.blanche.re\/?page_id=230\">Lire la suite<\/a><\/p>\n","protected":false},"author":3,"featured_media":0,"parent":0,"menu_order":0,"comment_status":"closed","ping_status":"closed","template":"page-templates\/full-width-page.php","meta":{"spay_email":""},"yoast_head":"<!-- This site is optimized with the Yoast SEO plugin v17.4 - https:\/\/yoast.com\/wordpress\/plugins\/seo\/ -->\n<title>Le Groupe BLANCHEntreprise - GROUPE BLANCHE<\/title>\n<meta name=\"robots\" content=\"index, follow, max-snippet:-1, max-image-preview:large, max-video-preview:-1\" \/>\n<link rel=\"canonical\" href=\"https:\/\/www.blanche.re\/?page_id=230\" \/>\n<meta property=\"og:locale\" content=\"fr_FR\" \/>\n<meta property=\"og:type\" content=\"article\" \/>\n<meta property=\"og:title\" content=\"Le Groupe BLANCHEntreprise - GROUPE BLANCHE\" \/>\n<meta property=\"og:description\" content=\"Entreprise cr\u00e9\u00e9e en 1957, Blanche-Birger n\u2019a cess\u00e9 de s\u2019\u00e9panouir au fur et \u00e0 mesure des ann\u00e9es, sans faire de vague mais en maintenant le cap. Le cap de la rigueur permet aujourd\u2019hui \u00e0 Blanche-Birger d\u2019\u00eatre leader sur son march\u00e9. S\u00e9rieux, professionnalisme mais aussi innovation permanente, autant d\u2019atouts qui ont forg\u00e9 la personnalit\u00e9 de la marque&hellip; Lire la suite\" \/>\n<meta property=\"og:url\" content=\"https:\/\/www.blanche.re\/?page_id=230\" \/>\n<meta property=\"og:site_name\" content=\"GROUPE BLANCHE\" \/>\n<meta property=\"og:image\" content=\"https:\/\/www.blanchebirger.re\/crbst_import75.jpg?v=1u60rc6phmvv9gc\" \/>\n<meta name=\"twitter:card\" content=\"summary_large_image\" \/>\n<meta name=\"twitter:label1\" content=\"Dur\u00e9e de lecture est.\" \/>\n\t<meta name=\"twitter:data1\" content=\"1 minute\" \/>\n<script type=\"application\/ld+json\" class=\"yoast-schema-graph\">{\"@context\":\"https:\/\/schema.org\",\"@graph\":[{\"@type\":\"WebSite\",\"@id\":\"https:\/\/www.blanche.re\/#website\",\"url\":\"https:\/\/www.blanche.re\/\",\"name\":\"GROUPE BLANCHE\",\"description\":\"Solutions pour les entreprises\",\"potentialAction\":[{\"@type\":\"SearchAction\",\"target\":{\"@type\":\"EntryPoint\",\"urlTemplate\":\"https:\/\/www.blanche.re\/?s={search_term_string}\"},\"query-input\":\"required name=search_term_string\"}],\"inLanguage\":\"fr-FR\"},{\"@type\":\"ImageObject\",\"@id\":\"https:\/\/www.blanche.re\/?page_id=230#primaryimage\",\"inLanguage\":\"fr-FR\",\"url\":\"https:\/\/www.blanchebirger.re\/crbst_import75.jpg?v=1u60rc6phmvv9gc\",\"contentUrl\":\"https:\/\/www.blanchebirger.re\/crbst_import75.jpg?v=1u60rc6phmvv9gc\"},{\"@type\":\"WebPage\",\"@id\":\"https:\/\/www.blanche.re\/?page_id=230#webpage\",\"url\":\"https:\/\/www.blanche.re\/?page_id=230\",\"name\":\"Le Groupe BLANCHEntreprise - GROUPE BLANCHE\",\"isPartOf\":{\"@id\":\"https:\/\/www.blanche.re\/#website\"},\"primaryImageOfPage\":{\"@id\":\"https:\/\/www.blanche.re\/?page_id=230#primaryimage\"},\"datePublished\":\"2019-03-06T12:19:03+00:00\",\"dateModified\":\"2019-03-06T12:19:03+00:00\",\"breadcrumb\":{\"@id\":\"https:\/\/www.blanche.re\/?page_id=230#breadcrumb\"},\"inLanguage\":\"fr-FR\",\"potentialAction\":[{\"@type\":\"ReadAction\",\"target\":[\"https:\/\/www.blanche.re\/?page_id=230\"]}]},{\"@type\":\"BreadcrumbList\",\"@id\":\"https:\/\/www.blanche.re\/?page_id=230#breadcrumb\",\"itemListElement\":[{\"@type\":\"ListItem\",\"position\":1,\"name\":\"Accueil\",\"item\":\"https:\/\/www.blanche.re\/\"},{\"@type\":\"ListItem\",\"position\":2,\"name\":\"Le Groupe BLANCHEntreprise\"}]}]}<\/script>\n<!-- \/ Yoast SEO plugin. -->","yoast_head_json":{"title":"Le Groupe BLANCHEntreprise - GROUPE BLANCHE","robots":{"index":"index","follow":"follow","max-snippet":"max-snippet:-1","max-image-preview":"max-image-preview:large","max-video-preview":"max-video-preview:-1"},"canonical":"https:\/\/www.blanche.re\/?page_id=230","og_locale":"fr_FR","og_type":"article","og_title":"Le Groupe BLANCHEntreprise - GROUPE BLANCHE","og_description":"Entreprise cr\u00e9\u00e9e en 1957, Blanche-Birger n\u2019a cess\u00e9 de s\u2019\u00e9panouir au fur et \u00e0 mesure des ann\u00e9es, sans faire de vague mais en maintenant le cap. Le cap de la rigueur permet aujourd\u2019hui \u00e0 Blanche-Birger d\u2019\u00eatre leader sur son march\u00e9. S\u00e9rieux, professionnalisme mais aussi innovation permanente, autant d\u2019atouts qui ont forg\u00e9 la personnalit\u00e9 de la marque&hellip; Lire la suite","og_url":"https:\/\/www.blanche.re\/?page_id=230","og_site_name":"GROUPE BLANCHE","og_image":[{"url":"https:\/\/www.blanchebirger.re\/crbst_import75.jpg?v=1u60rc6phmvv9gc"}],"twitter_card":"summary_large_image","twitter_misc":{"Dur\u00e9e de lecture est.":"1 minute"},"schema":{"@context":"https:\/\/schema.org","@graph":[{"@type":"WebSite","@id":"https:\/\/www.blanche.re\/#website","url":"https:\/\/www.blanche.re\/","name":"GROUPE BLANCHE","description":"Solutions pour les entreprises","potentialAction":[{"@type":"SearchAction","target":{"@type":"EntryPoint","urlTemplate":"https:\/\/www.blanche.re\/?s={search_term_string}"},"query-input":"required name=search_term_string"}],"inLanguage":"fr-FR"},{"@type":"ImageObject","@id":"https:\/\/www.blanche.re\/?page_id=230#primaryimage","inLanguage":"fr-FR","url":"https:\/\/www.blanchebirger.re\/crbst_import75.jpg?v=1u60rc6phmvv9gc","contentUrl":"https:\/\/www.blanchebirger.re\/crbst_import75.jpg?v=1u60rc6phmvv9gc"},{"@type":"WebPage","@id":"https:\/\/www.blanche.re\/?page_id=230#webpage","url":"https:\/\/www.blanche.re\/?page_id=230","name":"Le Groupe BLANCHEntreprise - GROUPE BLANCHE","isPartOf":{"@id":"https:\/\/www.blanche.re\/#website"},"primaryImageOfPage":{"@id":"https:\/\/www.blanche.re\/?page_id=230#primaryimage"},"datePublished":"2019-03-06T12:19:03+00:00","dateModified":"2019-03-06T12:19:03+00:00","breadcrumb":{"@id":"https:\/\/www.blanche.re\/?page_id=230#breadcrumb"},"inLanguage":"fr-FR","potentialAction":[{"@type":"ReadAction","target":["https:\/\/www.blanche.re\/?page_id=230"]}]},{"@type":"BreadcrumbList","@id":"https:\/\/www.blanche.re\/?page_id=230#breadcrumb","itemListElement":[{"@type":"ListItem","position":1,"name":"Accueil","item":"https:\/\/www.blanche.re\/"},{"@type":"ListItem","position":2,"name":"Le Groupe BLANCHEntreprise"}]}]}},"_links":{"self":[{"href":"https:\/\/www.blanche.re\/index.php?rest_route=\/wp\/v2\/pages\/230"}],"collection":[{"href":"https:\/\/www.blanche.re\/index.php?rest_route=\/wp\/v2\/pages"}],"about":[{"href":"https:\/\/www.blanche.re\/index.php?rest_route=\/wp\/v2\/types\/page"}],"author":[{"embeddable":true,"href":"https:\/\/www.blanche.re\/index.php?rest_route=\/wp\/v2\/users\/3"}],"replies":[{"embeddable":true,"href":"https:\/\/www.blanche.re\/index.php?rest_route=%2Fwp%2Fv2%2Fcomments&post=230"}],"version-history":[{"count":0,"href":"https:\/\/www.blanche.re\/index.php?rest_route=\/wp\/v2\/pages\/230\/revisions"}],"wp:attachment":[{"href":"https:\/\/www.blanche.re\/index.php?rest_route=%2Fwp%2Fv2%2Fmedia&parent=230"}],"curies":[{"name":"wp","href":"https:\/\/api.w.org\/{rel}","templated":true}]}}