{"id":576,"date":"2019-03-06T14:12:11","date_gmt":"2019-03-06T14:12:11","guid":{"rendered":"https:\/\/colibriwp-work.colibriwp.com\/business-ii\/?page_id=576"},"modified":"2019-03-06T14:12:11","modified_gmt":"2019-03-06T14:12:11","slug":"services","status":"publish","type":"page","link":"https:\/\/www.blanche.re\/?page_id=576","title":{"rendered":"Le service technique"},"content":{"rendered":"\n<figure class=\"wp-block-image size-large\"><img src=\"http:\/\/www.blanchebirger.fr\/wp-content\/uploads\/2020\/06\/eService_tcm79-29977_w504.jpg\" alt=\"\" class=\"wp-image-1181\"\/><\/figure>\n\n\n<div class=\"style-612 style-local-576-c1 position-relative\" data-colibri-id=\"576-c1\">\n<p>\u00a0<\/p>\n<div id=\"features\" class=\"h-section h-section-global-spacing d-flex align-items-lg-center align-items-md-center align-items-center style-613 style-local-576-c2 position-relative\" data-colibri-component=\"section\" data-colibri-id=\"576-c2\">\n<h2>BLANCHEntreprise &#8211; Votre portail client de service et de support en ligne s\u00e9curis\u00e9<\/h2>\n<div>Le Portail BLANCHE simplifie la transmission de commandes et d&rsquo;informations pour vos \u00e9quipements<\/div>\n<div>Simple d&rsquo;utilisation et totalement intuitif, eService vous accompagne pas \u00e0 pas pour chaque processus.<\/div>\n<div>Vous pouvez utiliser eService \u00e0 tout moment, de jour comme de nuit et \u00eatre s\u00fbr que votre message arrivera aux bons destinataires\u00a0<\/div>\n<div>\u00a0<\/div>\n<div>Avec eService vous pouvez:<\/div>\n<ul>\n<li>Commander et suivre des consommables pour votre \u00e9quipement<\/li>\n<li>Recevoir une assistance technique en enregistrant votre demande<\/li>\n<li>D\u00e9clarer rapidement les relev\u00e9s compteur de votre \u00e9quipement Ricoh<\/li>\n<\/ul>\n<br \/>\n<p>\u00a0<\/p>\n<div class=\"h-section-grid-container h-section-boxed-container\">\n<div class=\"h-row-container gutters-row-lg-2 gutters-row-md-2 gutters-row-0 gutters-row-v-lg-2 gutters-row-v-md-2 gutters-row-v-2 style-621 style-local-576-c20 position-relative\" data-colibri-id=\"576-c20\">\n<div align=\"left\">Ecouter pour mieux servir. Voil\u00e0 une devise qui pourrait sembler<\/div>\n<div align=\"left\">banale si elle n\u2019\u00e9tait appliqu\u00e9e par la Sema. Rigueur, professionnalisme, r\u00e9activit\u00e9, le service apr\u00e8s-vente Blanche-Birger n\u2019a qu\u2019un mot d\u2019ordre : le v\u00f4tre.<\/div>\n<div class=\"h-row justify-content-lg-center justify-content-md-center justify-content-center align-items-lg-stretch align-items-md-stretch align-items-stretch gutters-col-lg-2 gutters-col-md-2 gutters-col-0 gutters-col-v-lg-2 gutters-col-v-md-2 gutters-col-v-2\">\n<p>\u00a0<\/p>\n<div class=\"h-column h-column-container d-flex h-col-lg-auto h-col-md-auto h-col-auto style-622-outer style-local-576-c21-outer\">\n<div class=\"d-flex h-flex-basis h-column__inner h-px-lg-2 h-px-md-2 h-px-2 v-inner-lg-2 v-inner-md-2 v-inner-2 style-622 style-local-576-c21 position-relative\" data-colibri-id=\"576-c21\"><br \/>\n<p>\u00a0<\/p>\n<div class=\"w-100 h-y-container h-column__content h-column__v-align flex-basis-100 align-self-lg-start align-self-md-start align-self-start\">\u00a0<\/div>\n<\/div>\n<\/div>\n<\/div>\n<\/div>\n<\/div>\n<\/div>\n<div id=\"cta\" class=\"h-section h-section-global-spacing d-flex align-items-lg-center align-items-md-center align-items-center style-643 style-local-576-c50 position-relative\" data-colibri-component=\"section\" data-colibri-id=\"576-c50\">\n<p>\u00a0<\/p>\n<\/div>\n<\/div>","protected":false},"excerpt":{"rendered":"<p>\u00a0 BLANCHEntreprise &#8211; Votre portail client de service et de support en ligne s\u00e9curis\u00e9 Le Portail BLANCHE simplifie la transmission de commandes et d&rsquo;informations pour vos \u00e9quipements Simple d&rsquo;utilisation et totalement intuitif, eService vous accompagne pas \u00e0 pas pour chaque processus. Vous pouvez utiliser eService \u00e0 tout moment, de jour comme de nuit et \u00eatre&hellip; <br \/> <a class=\"read-more\" href=\"https:\/\/www.blanche.re\/?page_id=576\">Lire la suite<\/a><\/p>\n","protected":false},"author":3,"featured_media":0,"parent":0,"menu_order":0,"comment_status":"closed","ping_status":"closed","template":"page-templates\/full-width-page.php","meta":{"spay_email":""},"yoast_head":"<!-- This site is optimized with the Yoast SEO plugin v17.4 - https:\/\/yoast.com\/wordpress\/plugins\/seo\/ -->\n<title>Le service technique - GROUPE BLANCHE<\/title>\n<meta name=\"robots\" content=\"index, follow, max-snippet:-1, max-image-preview:large, max-video-preview:-1\" \/>\n<link rel=\"canonical\" href=\"https:\/\/www.blanche.re\/?page_id=576\" \/>\n<meta property=\"og:locale\" content=\"fr_FR\" \/>\n<meta property=\"og:type\" content=\"article\" \/>\n<meta property=\"og:title\" content=\"Le service technique - GROUPE BLANCHE\" \/>\n<meta property=\"og:description\" content=\"\u00a0 BLANCHEntreprise &#8211; Votre portail client de service et de support en ligne s\u00e9curis\u00e9 Le Portail BLANCHE simplifie la transmission de commandes et d&rsquo;informations pour vos \u00e9quipements Simple d&rsquo;utilisation et totalement intuitif, eService vous accompagne pas \u00e0 pas pour chaque processus. Vous pouvez utiliser eService \u00e0 tout moment, de jour comme de nuit et \u00eatre&hellip; Lire la suite\" \/>\n<meta property=\"og:url\" content=\"https:\/\/www.blanche.re\/?page_id=576\" \/>\n<meta property=\"og:site_name\" content=\"GROUPE BLANCHE\" \/>\n<meta property=\"og:image\" content=\"http:\/\/www.blanchebirger.fr\/wp-content\/uploads\/2020\/06\/eService_tcm79-29977_w504.jpg\" \/>\n<meta name=\"twitter:card\" content=\"summary_large_image\" \/>\n<meta name=\"twitter:label1\" content=\"Dur\u00e9e de lecture est.\" \/>\n\t<meta name=\"twitter:data1\" content=\"1 minute\" \/>\n<script type=\"application\/ld+json\" class=\"yoast-schema-graph\">{\"@context\":\"https:\/\/schema.org\",\"@graph\":[{\"@type\":\"WebSite\",\"@id\":\"https:\/\/www.blanche.re\/#website\",\"url\":\"https:\/\/www.blanche.re\/\",\"name\":\"GROUPE BLANCHE\",\"description\":\"Solutions pour les entreprises\",\"potentialAction\":[{\"@type\":\"SearchAction\",\"target\":{\"@type\":\"EntryPoint\",\"urlTemplate\":\"https:\/\/www.blanche.re\/?s={search_term_string}\"},\"query-input\":\"required name=search_term_string\"}],\"inLanguage\":\"fr-FR\"},{\"@type\":\"ImageObject\",\"@id\":\"https:\/\/www.blanche.re\/?page_id=576#primaryimage\",\"inLanguage\":\"fr-FR\",\"url\":\"http:\/\/www.blanchebirger.fr\/wp-content\/uploads\/2020\/06\/eService_tcm79-29977_w504.jpg\",\"contentUrl\":\"http:\/\/www.blanchebirger.fr\/wp-content\/uploads\/2020\/06\/eService_tcm79-29977_w504.jpg\"},{\"@type\":\"WebPage\",\"@id\":\"https:\/\/www.blanche.re\/?page_id=576#webpage\",\"url\":\"https:\/\/www.blanche.re\/?page_id=576\",\"name\":\"Le service technique - GROUPE BLANCHE\",\"isPartOf\":{\"@id\":\"https:\/\/www.blanche.re\/#website\"},\"primaryImageOfPage\":{\"@id\":\"https:\/\/www.blanche.re\/?page_id=576#primaryimage\"},\"datePublished\":\"2019-03-06T14:12:11+00:00\",\"dateModified\":\"2019-03-06T14:12:11+00:00\",\"breadcrumb\":{\"@id\":\"https:\/\/www.blanche.re\/?page_id=576#breadcrumb\"},\"inLanguage\":\"fr-FR\",\"potentialAction\":[{\"@type\":\"ReadAction\",\"target\":[\"https:\/\/www.blanche.re\/?page_id=576\"]}]},{\"@type\":\"BreadcrumbList\",\"@id\":\"https:\/\/www.blanche.re\/?page_id=576#breadcrumb\",\"itemListElement\":[{\"@type\":\"ListItem\",\"position\":1,\"name\":\"Accueil\",\"item\":\"https:\/\/www.blanche.re\/\"},{\"@type\":\"ListItem\",\"position\":2,\"name\":\"Le service technique\"}]}]}<\/script>\n<!-- \/ Yoast SEO plugin. -->","yoast_head_json":{"title":"Le service technique - GROUPE BLANCHE","robots":{"index":"index","follow":"follow","max-snippet":"max-snippet:-1","max-image-preview":"max-image-preview:large","max-video-preview":"max-video-preview:-1"},"canonical":"https:\/\/www.blanche.re\/?page_id=576","og_locale":"fr_FR","og_type":"article","og_title":"Le service technique - GROUPE BLANCHE","og_description":"\u00a0 BLANCHEntreprise &#8211; Votre portail client de service et de support en ligne s\u00e9curis\u00e9 Le Portail BLANCHE simplifie la transmission de commandes et d&rsquo;informations pour vos \u00e9quipements Simple d&rsquo;utilisation et totalement intuitif, eService vous accompagne pas \u00e0 pas pour chaque processus. Vous pouvez utiliser eService \u00e0 tout moment, de jour comme de nuit et \u00eatre&hellip; Lire la suite","og_url":"https:\/\/www.blanche.re\/?page_id=576","og_site_name":"GROUPE BLANCHE","og_image":[{"url":"http:\/\/www.blanchebirger.fr\/wp-content\/uploads\/2020\/06\/eService_tcm79-29977_w504.jpg"}],"twitter_card":"summary_large_image","twitter_misc":{"Dur\u00e9e de lecture est.":"1 minute"},"schema":{"@context":"https:\/\/schema.org","@graph":[{"@type":"WebSite","@id":"https:\/\/www.blanche.re\/#website","url":"https:\/\/www.blanche.re\/","name":"GROUPE BLANCHE","description":"Solutions pour les entreprises","potentialAction":[{"@type":"SearchAction","target":{"@type":"EntryPoint","urlTemplate":"https:\/\/www.blanche.re\/?s={search_term_string}"},"query-input":"required name=search_term_string"}],"inLanguage":"fr-FR"},{"@type":"ImageObject","@id":"https:\/\/www.blanche.re\/?page_id=576#primaryimage","inLanguage":"fr-FR","url":"http:\/\/www.blanchebirger.fr\/wp-content\/uploads\/2020\/06\/eService_tcm79-29977_w504.jpg","contentUrl":"http:\/\/www.blanchebirger.fr\/wp-content\/uploads\/2020\/06\/eService_tcm79-29977_w504.jpg"},{"@type":"WebPage","@id":"https:\/\/www.blanche.re\/?page_id=576#webpage","url":"https:\/\/www.blanche.re\/?page_id=576","name":"Le service technique - GROUPE BLANCHE","isPartOf":{"@id":"https:\/\/www.blanche.re\/#website"},"primaryImageOfPage":{"@id":"https:\/\/www.blanche.re\/?page_id=576#primaryimage"},"datePublished":"2019-03-06T14:12:11+00:00","dateModified":"2019-03-06T14:12:11+00:00","breadcrumb":{"@id":"https:\/\/www.blanche.re\/?page_id=576#breadcrumb"},"inLanguage":"fr-FR","potentialAction":[{"@type":"ReadAction","target":["https:\/\/www.blanche.re\/?page_id=576"]}]},{"@type":"BreadcrumbList","@id":"https:\/\/www.blanche.re\/?page_id=576#breadcrumb","itemListElement":[{"@type":"ListItem","position":1,"name":"Accueil","item":"https:\/\/www.blanche.re\/"},{"@type":"ListItem","position":2,"name":"Le service technique"}]}]}},"_links":{"self":[{"href":"https:\/\/www.blanche.re\/index.php?rest_route=\/wp\/v2\/pages\/576"}],"collection":[{"href":"https:\/\/www.blanche.re\/index.php?rest_route=\/wp\/v2\/pages"}],"about":[{"href":"https:\/\/www.blanche.re\/index.php?rest_route=\/wp\/v2\/types\/page"}],"author":[{"embeddable":true,"href":"https:\/\/www.blanche.re\/index.php?rest_route=\/wp\/v2\/users\/3"}],"replies":[{"embeddable":true,"href":"https:\/\/www.blanche.re\/index.php?rest_route=%2Fwp%2Fv2%2Fcomments&post=576"}],"version-history":[{"count":0,"href":"https:\/\/www.blanche.re\/index.php?rest_route=\/wp\/v2\/pages\/576\/revisions"}],"wp:attachment":[{"href":"https:\/\/www.blanche.re\/index.php?rest_route=%2Fwp%2Fv2%2Fmedia&parent=576"}],"curies":[{"name":"wp","href":"https:\/\/api.w.org\/{rel}","templated":true}]}}